{"id":95,"date":"2017-09-24T17:27:28","date_gmt":"2017-09-24T15:27:28","guid":{"rendered":"http:\/\/berlin-control.com\/website\/?page_id=95"},"modified":"2023-05-28T16:29:18","modified_gmt":"2023-05-28T14:29:18","slug":"impressum","status":"publish","type":"page","link":"https:\/\/berlin-control.com\/website\/impressum\/","title":{"rendered":"Impressum &#038; Kontakt"},"content":{"rendered":"<p>Name und Anschrift<br \/>\nDr. Udo Br\u00fcmmer<br \/>\nFeldblumenweg 4a<br \/>\n12557 Berlin<\/p>\n<p>Telefon mobil:<br \/>\n+49 172 9428 196<\/p>\n<p>Email:<br \/>\nudo.bruemmer@berlin-control.com<\/p>\n<p>Steuernummer\/Finanzamt:<br \/>\n36 \/ 243 \/ 00069<br \/>\nFinanzamt Berlin Treptow-K\u00f6penick<\/p>\n<p>Haftungshinweis<br \/>\nDie bereitgestellten Informationen auf dieser Webseite wurden sorgf\u00e4ltig gepr\u00fcft und werden regelm\u00e4\u00dfig aktualisiert. Jedoch kann keine Garantie daf\u00fcr \u00fcbernommen werden, dass alle Angaben zu jeder Zeit vollst\u00e4ndig, richtig und in letzter Aktualit\u00e4t dargestellt sind. Alle Angaben k\u00f6nnen ohne vorherige Ank\u00fcndigung ge\u00e4ndert, entfernt oder erg\u00e4nzt werden. Trotz sorgf\u00e4ltiger inhaltlicher Kontrolle \u00fcbernehmen wir keine Haftung f\u00fcr die Inhalte externer Links. F\u00fcr den Inhalt der verlinkten Seiten sind ausschlie\u00dflich deren Betreiber verantwortlich.<\/p>\n<p>Inhaltlich Verantwortlicher<br \/>\nDr. Udo Br\u00fcmmer<\/p>\n","protected":false},"excerpt":{"rendered":"<p>Name und Anschrift Dr. Udo Br\u00fcmmer Feldblumenweg 4a 12557 Berlin Telefon mobil: +49 172 9428 196 Email: udo.bruemmer@berlin-control.com Steuernummer\/Finanzamt: 36 \/ 243 \/ 00069 Finanzamt Berlin Treptow-K\u00f6penick Haftungshinweis Die bereitgestellten Informationen auf dieser Webseite wurden sorgf\u00e4ltig gepr\u00fcft und werden regelm\u00e4\u00dfig aktualisiert. Jedoch kann keine Garantie daf\u00fcr \u00fcbernommen werden, dass alle Angaben zu jeder Zeit vollst\u00e4ndig, &hellip; <\/p>\n<p class=\"link-more\"><a href=\"https:\/\/berlin-control.com\/website\/impressum\/\" class=\"more-link\"><span class=\"screen-reader-text\">\u201eImpressum &#038; Kontakt\u201c<\/span> weiterlesen<\/a><\/p>\n","protected":false},"author":1,"featured_media":0,"parent":0,"menu_order":0,"comment_status":"closed","ping_status":"closed","template":"","meta":{"footnotes":""},"class_list":["post-95","page","type-page","status-publish","hentry"],"_links":{"self":[{"href":"https:\/\/berlin-control.com\/website\/wp-json\/wp\/v2\/pages\/95","targetHints":{"allow":["GET"]}}],"collection":[{"href":"https:\/\/berlin-control.com\/website\/wp-json\/wp\/v2\/pages"}],"about":[{"href":"https:\/\/berlin-control.com\/website\/wp-json\/wp\/v2\/types\/page"}],"author":[{"embeddable":true,"href":"https:\/\/berlin-control.com\/website\/wp-json\/wp\/v2\/users\/1"}],"replies":[{"embeddable":true,"href":"https:\/\/berlin-control.com\/website\/wp-json\/wp\/v2\/comments?post=95"}],"version-history":[{"count":5,"href":"https:\/\/berlin-control.com\/website\/wp-json\/wp\/v2\/pages\/95\/revisions"}],"predecessor-version":[{"id":245,"href":"https:\/\/berlin-control.com\/website\/wp-json\/wp\/v2\/pages\/95\/revisions\/245"}],"wp:attachment":[{"href":"https:\/\/berlin-control.com\/website\/wp-json\/wp\/v2\/media?parent=95"}],"curies":[{"name":"wp","href":"https:\/\/api.w.org\/{rel}","templated":true}]}}