{"id":241,"date":"2023-05-28T16:23:50","date_gmt":"2023-05-28T14:23:50","guid":{"rendered":"http:\/\/berlin-control.com\/website\/?page_id=241"},"modified":"2023-05-28T17:13:10","modified_gmt":"2023-05-28T15:13:10","slug":"startseite","status":"publish","type":"page","link":"https:\/\/berlin-control.com\/website\/","title":{"rendered":"Startseite"},"content":{"rendered":"<p>Herzlich Willkommen!<\/p>\n<p>Sie profitieren von einer intensiven und individuellen Betreuung durch einen Praktiker, der Sie auch in problematischen Unternehmens-situationen bei der Erarbeitung von L\u00f6sungen und deren Umsetzung unterst\u00fctzt.<\/p>\n<p>Langj\u00e4hrige F\u00fchrungs- und Berufserfahrung &#8211; in der Kombination mit einem hohen kaufm\u00e4nnischen Fachwissen und betr\u00e4chtlichem technischem Sachverstand &#8211; bietet Ihnen Kompetenz in allen Unternehmensbereichen, insbesondere in den Schwerpunkten Controlling\/Rechnungswesen, Produktion und Logistik.<\/p>\n<p>Gesunder Pragmatismus sowie eine hohe Geschwindigkeit bei der Informationsbeschaffung, der Erarbeitung von L\u00f6sungen sowie deren Umsetzung garantieren Ihren Erfolg.<\/p>\n<p>Ein breites Netzwerk, bestehend aus langj\u00e4hrigen Partnern, sichert auch fachgebiets\u00fcbergreifende L\u00f6sungen.<\/p>\n<p>Dr.-Ing. Udo Br\u00fcmmer<\/p>\n","protected":false},"excerpt":{"rendered":"<p>Herzlich Willkommen! Sie profitieren von einer intensiven und individuellen Betreuung durch einen Praktiker, der Sie auch in problematischen Unternehmens-situationen bei der Erarbeitung von L\u00f6sungen und deren Umsetzung unterst\u00fctzt. Langj\u00e4hrige F\u00fchrungs- und Berufserfahrung &#8211; in der Kombination mit einem hohen kaufm\u00e4nnischen Fachwissen und betr\u00e4chtlichem technischem Sachverstand &#8211; bietet Ihnen Kompetenz in allen Unternehmensbereichen, insbesondere in den &hellip; <\/p>\n<p class=\"link-more\"><a href=\"https:\/\/berlin-control.com\/website\/\" class=\"more-link\"><span class=\"screen-reader-text\">\u201eStartseite\u201c<\/span> weiterlesen<\/a><\/p>\n","protected":false},"author":1,"featured_media":0,"parent":0,"menu_order":0,"comment_status":"closed","ping_status":"closed","template":"","meta":{"footnotes":""},"class_list":["post-241","page","type-page","status-publish","hentry"],"_links":{"self":[{"href":"https:\/\/berlin-control.com\/website\/wp-json\/wp\/v2\/pages\/241","targetHints":{"allow":["GET"]}}],"collection":[{"href":"https:\/\/berlin-control.com\/website\/wp-json\/wp\/v2\/pages"}],"about":[{"href":"https:\/\/berlin-control.com\/website\/wp-json\/wp\/v2\/types\/page"}],"author":[{"embeddable":true,"href":"https:\/\/berlin-control.com\/website\/wp-json\/wp\/v2\/users\/1"}],"replies":[{"embeddable":true,"href":"https:\/\/berlin-control.com\/website\/wp-json\/wp\/v2\/comments?post=241"}],"version-history":[{"count":3,"href":"https:\/\/berlin-control.com\/website\/wp-json\/wp\/v2\/pages\/241\/revisions"}],"predecessor-version":[{"id":252,"href":"https:\/\/berlin-control.com\/website\/wp-json\/wp\/v2\/pages\/241\/revisions\/252"}],"wp:attachment":[{"href":"https:\/\/berlin-control.com\/website\/wp-json\/wp\/v2\/media?parent=241"}],"curies":[{"name":"wp","href":"https:\/\/api.w.org\/{rel}","templated":true}]}}