{"id":151,"date":"2017-09-24T18:09:19","date_gmt":"2017-09-24T16:09:19","guid":{"rendered":"http:\/\/berlin-control.com\/website\/?page_id=151"},"modified":"2020-11-02T20:49:24","modified_gmt":"2020-11-02T19:49:24","slug":"leistungen","status":"publish","type":"page","link":"https:\/\/berlin-control.com\/website\/leistungen\/","title":{"rendered":"Leistungen"},"content":{"rendered":"<p>Zielgruppe des Engagements sind haupts\u00e4chlich mittelst\u00e4ndige Produktions- und Dienstleistungsunternehmen, die nachhaltigen Erfolg suchen und Unterst\u00fctzung ben\u00f6tigen &#8230;<\/p>\n<p>bei der Umsetzung von Projekten in Wachstums\u2013 und Restrukturierungsphasen<\/p>\n<p>bei der Strukturierung und Optimierung interner Unternehmensprozesse und -Services<\/p>\n<p>bei der strukturierten Finanzierung des Unternehmens<\/p>\n<p>bei der Verbesserung der Liquidit\u00e4t durch ganzheitliche Organisation aller die Liquidit\u00e4t beeinflussenden Faktoren<\/p>\n<p>bei der Unternehmensentwicklung, Planung und Budgetierung<\/p>\n<p>bei der Vereinheitlichung und Professionalisierung des Rechnungswesens und Controllings<\/p>\n<p>bei der Schaffung einer belastbaren Datenbasis sowie von Kostentransparenz f\u00fcr den Aufbau effektiver und aussagef\u00e4higer Reportingsysteme f\u00fcr die Kommunikation mit externen Partnern wie Banken und Gesellschaftern<\/p>\n<p>bei Einzelprojekten wie Wertanalysen, Outsourcingaktivit\u00e4ten, Wirtschaftlichkeitsanalysen, Investitionsentscheidungen<\/p>\n<p>bei der Erstellung von Monats- und Jahresabschl\u00fcssen<\/p>\n<p>bei kurzfristigem Trouble Shooting und notwendigen Probleml\u00f6sungen<\/p>\n","protected":false},"excerpt":{"rendered":"<p>Zielgruppe des Engagements sind haupts\u00e4chlich mittelst\u00e4ndige Produktions- und Dienstleistungsunternehmen, die nachhaltigen Erfolg suchen und Unterst\u00fctzung ben\u00f6tigen &#8230; bei der Umsetzung von Projekten in Wachstums\u2013 und Restrukturierungsphasen bei der Strukturierung und Optimierung interner Unternehmensprozesse und -Services bei der strukturierten Finanzierung des Unternehmens bei der Verbesserung der Liquidit\u00e4t durch ganzheitliche Organisation aller die Liquidit\u00e4t beeinflussenden Faktoren bei &hellip; <\/p>\n<p class=\"link-more\"><a href=\"https:\/\/berlin-control.com\/website\/leistungen\/\" class=\"more-link\"><span class=\"screen-reader-text\">\u201eLeistungen\u201c<\/span> weiterlesen<\/a><\/p>\n","protected":false},"author":1,"featured_media":0,"parent":0,"menu_order":0,"comment_status":"closed","ping_status":"closed","template":"","meta":{"footnotes":""},"class_list":["post-151","page","type-page","status-publish","hentry"],"_links":{"self":[{"href":"https:\/\/berlin-control.com\/website\/wp-json\/wp\/v2\/pages\/151","targetHints":{"allow":["GET"]}}],"collection":[{"href":"https:\/\/berlin-control.com\/website\/wp-json\/wp\/v2\/pages"}],"about":[{"href":"https:\/\/berlin-control.com\/website\/wp-json\/wp\/v2\/types\/page"}],"author":[{"embeddable":true,"href":"https:\/\/berlin-control.com\/website\/wp-json\/wp\/v2\/users\/1"}],"replies":[{"embeddable":true,"href":"https:\/\/berlin-control.com\/website\/wp-json\/wp\/v2\/comments?post=151"}],"version-history":[{"count":6,"href":"https:\/\/berlin-control.com\/website\/wp-json\/wp\/v2\/pages\/151\/revisions"}],"predecessor-version":[{"id":209,"href":"https:\/\/berlin-control.com\/website\/wp-json\/wp\/v2\/pages\/151\/revisions\/209"}],"wp:attachment":[{"href":"https:\/\/berlin-control.com\/website\/wp-json\/wp\/v2\/media?parent=151"}],"curies":[{"name":"wp","href":"https:\/\/api.w.org\/{rel}","templated":true}]}}