{"id":119,"date":"2017-09-24T17:37:06","date_gmt":"2017-09-24T15:37:06","guid":{"rendered":"http:\/\/berlin-control.com\/website\/?page_id=119"},"modified":"2017-10-16T18:23:25","modified_gmt":"2017-10-16T16:23:25","slug":"vita-1","status":"publish","type":"page","link":"https:\/\/berlin-control.com\/website\/vita-1\/","title":{"rendered":"Zur Person"},"content":{"rendered":"<p>Wer bin ich?<\/p>\n<p>Geboren am 09.03.1957 in Stalinstadt (heute Eisenh\u00fcttenstadt), seit 1988 wohnhaft in Berlin. Verheiratet  mit Heidi Br\u00fcmmer. Zwei erwachsene Kinder, eine bezaubernde Tochter und ein toller Sohn. Hobbys: Zeitgeschehen, meine Familie, Gesellschaftstanz (Standard\/Latein), ausgedehnte Radtouren, guter Rotwein<\/p>\n<p>Wie man mich sieht<\/p>\n<p>als Pragmatiker und Umsetzer mit hoher Geschwindigkeit<br \/>\nals humorvollen und ausgeglichenen Menschen, der auch \u00fcber sich selbst lachen kann<br \/>\nals sehr belastbar, mit sehr gutem Zeitmanagement und strukturierter Arbeitsweise<br \/>\nals zielorientierte F\u00fchrungspers\u00f6nlichkeit, Moderator und Motivator mit ausgepr\u00e4gtem Teamgeist<\/p>\n<p>Credo:  <\/p>\n<p>\u201eWenn Dir eine Arbeit Freude macht dann zeige es! Freude ist ansteckend.\u201c<br \/>\n(Werner Gilde)   <\/p>\n","protected":false},"excerpt":{"rendered":"<p>Wer bin ich? Geboren am 09.03.1957 in Stalinstadt (heute Eisenh\u00fcttenstadt), seit 1988 wohnhaft in Berlin. Verheiratet mit Heidi Br\u00fcmmer. Zwei erwachsene Kinder, eine bezaubernde Tochter und ein toller Sohn. Hobbys: Zeitgeschehen, meine Familie, Gesellschaftstanz (Standard\/Latein), ausgedehnte Radtouren, guter Rotwein Wie man mich sieht als Pragmatiker und Umsetzer mit hoher Geschwindigkeit als humorvollen und ausgeglichenen Menschen, &hellip; <\/p>\n<p class=\"link-more\"><a href=\"https:\/\/berlin-control.com\/website\/vita-1\/\" class=\"more-link\"><span class=\"screen-reader-text\">\u201eZur Person\u201c<\/span> weiterlesen<\/a><\/p>\n","protected":false},"author":1,"featured_media":0,"parent":0,"menu_order":0,"comment_status":"closed","ping_status":"closed","template":"","meta":{"footnotes":""},"class_list":["post-119","page","type-page","status-publish","hentry"],"_links":{"self":[{"href":"https:\/\/berlin-control.com\/website\/wp-json\/wp\/v2\/pages\/119","targetHints":{"allow":["GET"]}}],"collection":[{"href":"https:\/\/berlin-control.com\/website\/wp-json\/wp\/v2\/pages"}],"about":[{"href":"https:\/\/berlin-control.com\/website\/wp-json\/wp\/v2\/types\/page"}],"author":[{"embeddable":true,"href":"https:\/\/berlin-control.com\/website\/wp-json\/wp\/v2\/users\/1"}],"replies":[{"embeddable":true,"href":"https:\/\/berlin-control.com\/website\/wp-json\/wp\/v2\/comments?post=119"}],"version-history":[{"count":9,"href":"https:\/\/berlin-control.com\/website\/wp-json\/wp\/v2\/pages\/119\/revisions"}],"predecessor-version":[{"id":251,"href":"https:\/\/berlin-control.com\/website\/wp-json\/wp\/v2\/pages\/119\/revisions\/251"}],"wp:attachment":[{"href":"https:\/\/berlin-control.com\/website\/wp-json\/wp\/v2\/media?parent=119"}],"curies":[{"name":"wp","href":"https:\/\/api.w.org\/{rel}","templated":true}]}}